{"id":11443,"date":"2017-06-12T05:59:17","date_gmt":"2017-06-12T05:59:17","guid":{"rendered":"http:\/\/www.avalon-apparthotel.com\/contact\/"},"modified":"2018-01-18T08:54:28","modified_gmt":"2018-01-18T08:54:28","slug":"contact","status":"publish","type":"page","link":"https:\/\/www.avalon-apparthotel.com\/fr\/contact\/","title":{"rendered":"Contact"},"content":{"rendered":"<p>[vc_row gap=\u00a0\u00bb10&Prime; el_id=\u00a0\u00bbcontact\u00a0\u00bb padding_top=\u00a0\u00bb40px\u00a0\u00bb padding_bottom=\u00a0\u00bb40px\u00a0\u00bb min_height=\u00a0\u00bb\u00a0\u00bb fixed_height=\u00a0\u00bb\u00a0\u00bb][vc_column width=\u00a0\u00bb1\/4&Prime;][vc_icon icon_fontawesome=\u00a0\u00bbfa fa-map-signs\u00a0\u00bb color=\u00a0\u00bbsky\u00a0\u00bb background_style=\u00a0\u00bbrounded-outline\u00a0\u00bb size=\u00a0\u00bblg\u00a0\u00bb align=\u00a0\u00bbcenter\u00a0\u00bb css_animation=\u00a0\u00bbfadeInUp\u00a0\u00bb][vc_column_text]L&rsquo;h\u00f4tel se trouve \u00e0 3 minutes \u00e0 pied de la Gare du Nord qui dessert les lignes de train Eurostar et Thalys<\/p>\n<h4>De l&rsquo;a\u00e9roport Charles-de-Gaulle<\/h4>\n<p>Prenez le RER B en direction de Saint-R\u00e9my-l\u00e8s-Chevreuse ou Robinson.<br \/>\nDescendez \u00e0 la station Gare du Nord.<br \/>\nSortez de la gare Rue de Dunkerque et remontez la rue jusqu&rsquo;au boulevard de Magenta.<\/p>\n<h4>De l&rsquo;a\u00e9roport d&rsquo;Orly<\/h4>\n<p>Prenez la navette Orlyval jusqu&rsquo;\u00e0 la gare RER B &#8211; Antony.<br \/>\nPrenez le RER B en direction de l\u2019a\u00e9roport Charles-de-Gaulle.<br \/>\nDescendez \u00e0 la station Gare du Nord.<br \/>\nSortez de la gare Rue de Dunkerque et remontez la rue jusqu&rsquo;au boulevard de Magenta.<\/p>\n<p>\u00a0<br \/>\n\u00a0<br \/>\n<strong>M\u00e9tro :<\/strong> Gare du Nord (lignes 2, 4 et 5) ; Barb\u00e8s Rochechouart (lignes 2 et 4) ; Poissonni\u00e8re (ligne 7) &#8211; <strong>RER :<\/strong> Gare du Nord (lignes B, D et E)[\/vc_column_text][\/vc_column][vc_column width=\u00a0\u00bb1\/2&Prime;][vc_icon icon_fontawesome=\u00a0\u00bbfa fa-map-marker\u00a0\u00bb color=\u00a0\u00bbsky\u00a0\u00bb background_style=\u00a0\u00bbrounded-outline\u00a0\u00bb size=\u00a0\u00bblg\u00a0\u00bb align=\u00a0\u00bbcenter\u00a0\u00bb css_animation=\u00a0\u00bbfadeInUp\u00a0\u00bb][vc_gmaps link=\u00a0\u00bb#E-8_JTNDaWZyYW1lJTIwc3JjJTNEJTIyaHR0cHMlM0ElMkYlMkZ3d3cuZ29vZ2xlLmNvbSUyRm1hcHMlMkZlbWJlZCUzRnBiJTNEJTIxMW0xOCUyMTFtMTIlMjExbTMlMjExZDI2MjMuODA1MzMwMTg0MTkzNyUyMTJkMi4zNDkzMDM5NTE2NDYzNjAzJTIxM2Q0OC44ODA5ODc1MDY5NjY5MyUyMTJtMyUyMTFmMCUyMTJmMCUyMTNmMCUyMTNtMiUyMTFpMTAyNCUyMTJpNzY4JTIxNGYxMy4xJTIxM20zJTIxMW0yJTIxMXMweDQ3ZTY2ZTZiZmNhMzQ5NWQlMjUzQTB4Yjg1NGIwNmIyOWE3MDgzYiUyMTJzSCUyNUMzJTI1QjR0ZWwlMkJBdmFsb24lMkJQYXJpcyUyMTVlMCUyMTNtMiUyMTFzZW4lMjEyc2lsJTIxNHYxNTEzNjY3MjgyMjM0JTIyJTIwd2lkdGglM0QlMjI2MDAlMjIlMjBoZWlnaHQlM0QlMjI0NTAlMjIlMjBmcmFtZWJvcmRlciUzRCUyMjAlMjIlMjBzdHlsZSUzRCUyMmJvcmRlciUzQTAlMjIlMjBhbGxvd2Z1bGxzY3JlZW4lM0UlM0MlMkZpZnJhbWUlM0U=\u00a0\u00bb][\/vc_column][vc_column width=\u00a0\u00bb1\/4&Prime;][vc_icon icon_fontawesome=\u00a0\u00bbfa fa-envelope-open-o\u00a0\u00bb color=\u00a0\u00bbsky\u00a0\u00bb background_style=\u00a0\u00bbrounded-outline\u00a0\u00bb size=\u00a0\u00bblg\u00a0\u00bb align=\u00a0\u00bbcenter\u00a0\u00bb css_animation=\u00a0\u00bbfadeInUp\u00a0\u00bb][vc_column_text]\n<div class=\"wpcf7 no-js\" id=\"wpcf7-f10705-o1\" lang=\"en-US\" dir=\"ltr\">\n<div class=\"screen-reader-response\"><p role=\"status\" aria-live=\"polite\" aria-atomic=\"true\"><\/p> <ul><\/ul><\/div>\n<form action=\"\/fr\/wp-json\/wp\/v2\/pages\/11443#wpcf7-f10705-o1\" method=\"post\" class=\"wpcf7-form init\" aria-label=\"Contact form\" novalidate=\"novalidate\" data-status=\"init\">\n<div style=\"display: none;\">\n<input type=\"hidden\" name=\"_wpcf7\" value=\"10705\" \/>\n<input type=\"hidden\" name=\"_wpcf7_version\" value=\"5.7.6\" \/>\n<input type=\"hidden\" name=\"_wpcf7_locale\" value=\"en_US\" \/>\n<input type=\"hidden\" name=\"_wpcf7_unit_tag\" value=\"wpcf7-f10705-o1\" \/>\n<input type=\"hidden\" name=\"_wpcf7_container_post\" value=\"0\" \/>\n<input type=\"hidden\" name=\"_wpcf7_posted_data_hash\" value=\"\" \/>\n<\/div>\n<div class=\"order\">\n\t<p><span class=\"wpcf7-form-control-wrap\" data-name=\"your-name\"><input size=\"40\" class=\"wpcf7-form-control wpcf7-text wpcf7-validates-as-required\" aria-required=\"true\" aria-invalid=\"false\" placeholder=\"Nom\" value=\"\" type=\"text\" name=\"your-name\" \/><\/span>\n\t<\/p>\n\t<p><span class=\"wpcf7-form-control-wrap\" data-name=\"your-email\"><input size=\"40\" class=\"wpcf7-form-control wpcf7-text wpcf7-email wpcf7-validates-as-required wpcf7-validates-as-email\" aria-required=\"true\" aria-invalid=\"false\" placeholder=\"Email\" value=\"\" type=\"email\" name=\"your-email\" \/><\/span>\n\t<\/p>\n\t<p><span class=\"wpcf7-form-control-wrap\" data-name=\"you-are\"><select class=\"wpcf7-form-control wpcf7-select wpcf7-validates-as-required\" aria-required=\"true\" aria-invalid=\"false\" name=\"you-are\"><option value=\"\">Vous voyagez pour<\/option><option value=\"Affaires\">Affaires<\/option><option value=\"Famille\">Famille<\/option><option value=\"D\u00e9tente\">D\u00e9tente<\/option><option value=\"Romantique\">Romantique<\/option><option value=\"Autre\">Autre<\/option><\/select><\/span>\n\t<\/p>\n\t<p><span class=\"wpcf7-form-control-wrap\" data-name=\"your-message\"><textarea cols=\"40\" rows=\"4\" class=\"wpcf7-form-control wpcf7-textarea\" aria-invalid=\"false\" placeholder=\"Votre Message\" name=\"your-message\"><\/textarea><\/span>\n\t<\/p>\n\t<p>[recaptcha]\n\t<\/p>\n\t<p><input class=\"wpcf7-form-control has-spinner wpcf7-submit btn-order\" type=\"submit\" value=\"Envoyer\" \/>\n\t<\/p>\n<\/div><div class=\"wpcf7-response-output\" aria-hidden=\"true\"><\/div>\n<\/form>\n<\/div>\n[\/vc_column_text][\/vc_column][\/vc_row]<\/p>\n","protected":false},"excerpt":{"rendered":"<p>[vc_row gap=\u00a0\u00bb10&Prime; el_id=\u00a0\u00bbcontact\u00a0\u00bb padding_top=\u00a0\u00bb40px\u00a0\u00bb padding_bottom=\u00a0\u00bb40px\u00a0\u00bb min_height=\u00a0\u00bb\u00a0\u00bb fixed_height=\u00a0\u00bb\u00a0\u00bb][vc_column width=\u00a0\u00bb1\/4&Prime;][vc_icon icon_fontawesome=\u00a0\u00bbfa fa-map-signs\u00a0\u00bb color=\u00a0\u00bbsky\u00a0\u00bb background_style=\u00a0\u00bbrounded-outline\u00a0\u00bb size=\u00a0\u00bblg\u00a0\u00bb align=\u00a0\u00bbcenter\u00a0\u00bb css_animation=\u00a0\u00bbfadeInUp\u00a0\u00bb][vc_column_text]L&rsquo;h\u00f4tel se trouve \u00e0 3 minutes \u00e0 pied de la Gare du Nord qui dessert les lignes de train Eurostar et Thalys De l&rsquo;a\u00e9roport Charles-de-Gaulle Prenez le RER B en direction de Saint-R\u00e9my-l\u00e8s-Chevreuse ou Robinson. Descendez \u00e0 la station Gare du Nord. Sortez de la gare [&hellip;]<\/p>\n","protected":false},"author":1,"featured_media":0,"parent":0,"menu_order":0,"comment_status":"closed","ping_status":"closed","template":"page-templates\/full-width.php","meta":{"footnotes":""},"class_list":["post-11443","page","type-page","status-publish","hentry"],"blog_post_layout_featured_media_urls":{"thumbnail":"","full":""},"categories_names":null,"comments_number":"0","rttpg_featured_image_url":null,"rttpg_author":{"display_name":"webconstructor","author_link":"https:\/\/www.avalon-apparthotel.com\/fr\/author\/webconstructor\/"},"rttpg_comment":0,"rttpg_category":" <a href=\"https:\/\/www.avalon-apparthotel.com\/fr\/?taxonomy=translation_priority&#038;term=facultatif\" rel=\"tag\">Facultatif<\/a>","rttpg_excerpt":"[vc_row gap=\u00a0\u00bb10&Prime; el_id=\u00a0\u00bbcontact\u00a0\u00bb padding_top=\u00a0\u00bb40px\u00a0\u00bb padding_bottom=\u00a0\u00bb40px\u00a0\u00bb min_height=\u00a0\u00bb\u00a0\u00bb fixed_height=\u00a0\u00bb\u00a0\u00bb][vc_column width=\u00a0\u00bb1\/4&Prime;][vc_icon icon_fontawesome=\u00a0\u00bbfa fa-map-signs\u00a0\u00bb color=\u00a0\u00bbsky\u00a0\u00bb background_style=\u00a0\u00bbrounded-outline\u00a0\u00bb size=\u00a0\u00bblg\u00a0\u00bb align=\u00a0\u00bbcenter\u00a0\u00bb css_animation=\u00a0\u00bbfadeInUp\u00a0\u00bb][vc_column_text]L&rsquo;h\u00f4tel se trouve \u00e0 3 minutes \u00e0 pied de la Gare du Nord qui dessert les lignes de train Eurostar et Thalys De l&rsquo;a\u00e9roport Charles-de-Gaulle Prenez le RER B en direction de Saint-R\u00e9my-l\u00e8s-Chevreuse ou Robinson. Descendez \u00e0 la station Gare du\u2026","_links":{"self":[{"href":"https:\/\/www.avalon-apparthotel.com\/fr\/wp-json\/wp\/v2\/pages\/11443","targetHints":{"allow":["GET"]}}],"collection":[{"href":"https:\/\/www.avalon-apparthotel.com\/fr\/wp-json\/wp\/v2\/pages"}],"about":[{"href":"https:\/\/www.avalon-apparthotel.com\/fr\/wp-json\/wp\/v2\/types\/page"}],"author":[{"embeddable":true,"href":"https:\/\/www.avalon-apparthotel.com\/fr\/wp-json\/wp\/v2\/users\/1"}],"replies":[{"embeddable":true,"href":"https:\/\/www.avalon-apparthotel.com\/fr\/wp-json\/wp\/v2\/comments?post=11443"}],"version-history":[{"count":3,"href":"https:\/\/www.avalon-apparthotel.com\/fr\/wp-json\/wp\/v2\/pages\/11443\/revisions"}],"predecessor-version":[{"id":16990,"href":"https:\/\/www.avalon-apparthotel.com\/fr\/wp-json\/wp\/v2\/pages\/11443\/revisions\/16990"}],"wp:attachment":[{"href":"https:\/\/www.avalon-apparthotel.com\/fr\/wp-json\/wp\/v2\/media?parent=11443"}],"curies":[{"name":"wp","href":"https:\/\/api.w.org\/{rel}","templated":true}]}}