{"id":11397,"date":"2017-06-12T05:57:35","date_gmt":"2017-06-12T05:57:35","guid":{"rendered":"http:\/\/www.avalon-apparthotel.com\/our-rooms\/"},"modified":"2022-12-21T13:01:53","modified_gmt":"2022-12-21T13:01:53","slug":"our-rooms","status":"publish","type":"page","link":"https:\/\/www.avalon-apparthotel.com\/fr\/our-rooms\/","title":{"rendered":"Chambres"},"content":{"rendered":"<p>[vc_row el_id=\u00a0\u00bbrooms\u00a0\u00bb inner_container=\u00a0\u00bbno\u00a0\u00bb text_align=\u00a0\u00bbcenter\u00a0\u00bb padding_top=\u00a0\u00bb130&Prime; el_class=\u00a0\u00bbhomerooms\u00a0\u00bb][vc_column][vc_column_text animation=\u00a0\u00bbanimate-when-visible\u00a0\u00bb css_animation=\u00a0\u00bbbottom-to-top\u00a0\u00bb]<\/p>\n<h2>D\u00e9couvrez nos chambres<\/h2>\n<p>[\/vc_column_text][vc_row_inner inner_container=\u00a0\u00bbyes\u00a0\u00bb][vc_column_inner width=\u00a0\u00bb1\/2&Prime;][vc_column_text]<\/p>\n<h3>Appartement pour 4 personnes<\/h3>\n<p>Appartement pour 4 personnes avec climatisation.[\/vc_column_text][vc_single_image image=\u00a0\u00bb15259&Prime; img_size=\u00a0\u00bb300&#215;200&Prime; alignment=\u00a0\u00bbcenter\u00a0\u00bb][\/vc_column_inner][vc_column_inner width=\u00a0\u00bb1\/2&Prime;][vc_column_text]<\/p>\n<h3>Chambre Double avec Kitchenette<\/h3>\n<p>Chambre pour 2 personnes avec kitchenette, t\u00e9l\u00e9vision \u00e9cran plat, espace bureau. Salle de bains priv\u00e9e avec WC.[\/vc_column_text][vc_single_image image=\u00a0\u00bb15205&Prime; img_size=\u00a0\u00bb300&#215;200&Prime; alignment=\u00a0\u00bbcenter\u00a0\u00bb][\/vc_column_inner][\/vc_row_inner][\/vc_column][\/vc_row]<\/p>\n","protected":false},"excerpt":{"rendered":"<p>[vc_row el_id=\u00a0\u00bbrooms\u00a0\u00bb inner_container=\u00a0\u00bbno\u00a0\u00bb text_align=\u00a0\u00bbcenter\u00a0\u00bb padding_top=\u00a0\u00bb130&Prime; el_class=\u00a0\u00bbhomerooms\u00a0\u00bb][vc_column][vc_column_text animation=\u00a0\u00bbanimate-when-visible\u00a0\u00bb css_animation=\u00a0\u00bbbottom-to-top\u00a0\u00bb] D\u00e9couvrez nos chambres [\/vc_column_text][vc_row_inner inner_container=\u00a0\u00bbyes\u00a0\u00bb][vc_column_inner width=\u00a0\u00bb1\/2&Prime;][vc_column_text] Appartement pour 4 personnes Appartement pour 4 personnes avec climatisation.[\/vc_column_text][vc_single_image image=\u00a0\u00bb15259&Prime; img_size=\u00a0\u00bb300&#215;200&Prime; alignment=\u00a0\u00bbcenter\u00a0\u00bb][\/vc_column_inner][vc_column_inner width=\u00a0\u00bb1\/2&Prime;][vc_column_text] Chambre Double avec Kitchenette Chambre pour 2 personnes avec kitchenette, t\u00e9l\u00e9vision \u00e9cran plat, espace bureau. Salle de bains priv\u00e9e avec WC.[\/vc_column_text][vc_single_image image=\u00a0\u00bb15205&Prime; img_size=\u00a0\u00bb300&#215;200&Prime; alignment=\u00a0\u00bbcenter\u00a0\u00bb][\/vc_column_inner][\/vc_row_inner][\/vc_column][\/vc_row]<\/p>\n","protected":false},"author":1,"featured_media":0,"parent":0,"menu_order":0,"comment_status":"closed","ping_status":"closed","template":"page-templates\/full-width.php","meta":{"footnotes":""},"class_list":["post-11397","page","type-page","status-publish","hentry"],"blog_post_layout_featured_media_urls":{"thumbnail":"","full":""},"categories_names":null,"comments_number":"0","rttpg_featured_image_url":null,"rttpg_author":{"display_name":"webconstructor","author_link":"https:\/\/www.avalon-apparthotel.com\/fr\/author\/webconstructor\/"},"rttpg_comment":0,"rttpg_category":" <a href=\"https:\/\/www.avalon-apparthotel.com\/fr\/?taxonomy=translation_priority&#038;term=facultatif\" rel=\"tag\">Facultatif<\/a>","rttpg_excerpt":"[vc_row el_id=\u00a0\u00bbrooms\u00a0\u00bb inner_container=\u00a0\u00bbno\u00a0\u00bb text_align=\u00a0\u00bbcenter\u00a0\u00bb padding_top=\u00a0\u00bb130&Prime; el_class=\u00a0\u00bbhomerooms\u00a0\u00bb][vc_column][vc_column_text animation=\u00a0\u00bbanimate-when-visible\u00a0\u00bb css_animation=\u00a0\u00bbbottom-to-top\u00a0\u00bb] D\u00e9couvrez nos chambres [\/vc_column_text][vc_row_inner inner_container=\u00a0\u00bbyes\u00a0\u00bb][vc_column_inner width=\u00a0\u00bb1\/2&Prime;][vc_column_text] Appartement pour 4 personnes Appartement pour 4 personnes avec climatisation.[\/vc_column_text][vc_single_image image=\u00a0\u00bb15259&Prime; img_size=\u00a0\u00bb300&#215;200&Prime; alignment=\u00a0\u00bbcenter\u00a0\u00bb][\/vc_column_inner][vc_column_inner width=\u00a0\u00bb1\/2&Prime;][vc_column_text] Chambre Double avec Kitchenette Chambre pour 2 personnes avec kitchenette, t\u00e9l\u00e9vision \u00e9cran plat, espace bureau. Salle de bains priv\u00e9e avec WC.[\/vc_column_text][vc_single_image image=\u00a0\u00bb15205&Prime; img_size=\u00a0\u00bb300&#215;200&Prime; alignment=\u00a0\u00bbcenter\u00a0\u00bb][\/vc_column_inner][\/vc_row_inner][\/vc_column][\/vc_row]","_links":{"self":[{"href":"https:\/\/www.avalon-apparthotel.com\/fr\/wp-json\/wp\/v2\/pages\/11397","targetHints":{"allow":["GET"]}}],"collection":[{"href":"https:\/\/www.avalon-apparthotel.com\/fr\/wp-json\/wp\/v2\/pages"}],"about":[{"href":"https:\/\/www.avalon-apparthotel.com\/fr\/wp-json\/wp\/v2\/types\/page"}],"author":[{"embeddable":true,"href":"https:\/\/www.avalon-apparthotel.com\/fr\/wp-json\/wp\/v2\/users\/1"}],"replies":[{"embeddable":true,"href":"https:\/\/www.avalon-apparthotel.com\/fr\/wp-json\/wp\/v2\/comments?post=11397"}],"version-history":[{"count":21,"href":"https:\/\/www.avalon-apparthotel.com\/fr\/wp-json\/wp\/v2\/pages\/11397\/revisions"}],"predecessor-version":[{"id":17070,"href":"https:\/\/www.avalon-apparthotel.com\/fr\/wp-json\/wp\/v2\/pages\/11397\/revisions\/17070"}],"wp:attachment":[{"href":"https:\/\/www.avalon-apparthotel.com\/fr\/wp-json\/wp\/v2\/media?parent=11397"}],"curies":[{"name":"wp","href":"https:\/\/api.w.org\/{rel}","templated":true}]}}